{"id":28602,"date":"2018-06-14T09:46:22","date_gmt":"2018-06-14T13:46:22","guid":{"rendered":"https:\/\/dev.bastacommunication.ca\/Mada\/?page_id=28602"},"modified":"2018-06-14T09:46:22","modified_gmt":"2018-06-14T13:46:22","slug":"publications-et-communications","status":"publish","type":"page","link":"https:\/\/madaquebec.com\/en\/publications-et-communications\/","title":{"rendered":"Publications et communications"},"content":{"rendered":"<p>[et_pb_section bb_built=&#8221;1&#8243; _builder_version=&#8221;3.4.1&#8243; module_class=&#8221;css_style_li&#8221; custom_margin=&#8221;0px|||&#8221; custom_padding=&#8221;0px|||&#8221;][et_pb_row _builder_version=&#8221;3.4.1&#8243;][et_pb_column type=&#8221;4_4&#8243;][et_pb_text _builder_version=&#8221;3.4.1&#8243;]<\/p>\n<ul>\n<li><a class=\"put_the_icone\"  href=\"https:\/\/madaquebec.com\/publication\/acfas\/\">ACFAS<\/a><\/li>\n<li><a class=\"put_the_icone\" href=\"https:\/\/madaquebec.com\/publication\/affiches\/\">Affiches<\/a><\/li>\n<li><a class=\"put_the_icone\" href=\"https:\/\/madaquebec.com\/publication\/articles\/\">Articles<\/a><\/li>\n<li><a class=\"put_the_icone\" href=\"https:\/\/madaquebec.com\/publication\/articles-de-journaux\/\">Articles de journaux<\/a><\/li>\n<li><a class=\"put_the_icone\" href=\"https:\/\/madaquebec.com\/publication\/autres\">Autres<\/a><\/li>\n<li><a class=\"put_the_icone\" href=\"https:\/\/madaquebec.com\/publication\/formations\/\">Formations<\/a><\/li>\n<li><a class=\"put_the_icone\"  href=\"https:\/\/madaquebec.com\/publication\/presentations\/\">Pr\u00e9sentations<\/a><\/li>\n<li><a class=\"put_the_icone\" href=\"https:\/\/madaquebec.com\/publication\/recherches-de-maitrise-et-these-de-doctorat\/\">Recherches de ma\u00eetrise et th\u00e8se de doctorat<\/a><\/li>\n<\/ul>\n<p>[\/et_pb_text][\/et_pb_column][\/et_pb_row][\/et_pb_section]<\/p>\n","protected":false},"excerpt":{"rendered":"<p>ACFAS Affiches Articles Articles de journaux Autres Formations Pr\u00e9sentations Recherches de ma\u00eetrise et th\u00e8se de doctorat<\/p>\n","protected":false},"author":1,"featured_media":0,"parent":0,"menu_order":0,"comment_status":"closed","ping_status":"closed","template":"","meta":{"_et_pb_use_builder":"on","_et_pb_old_content":"","_et_gb_content_width":"","footnotes":""},"yoast_head":"<!-- This site is optimized with the Yoast SEO plugin v21.2 - https:\/\/yoast.com\/wordpress\/plugins\/seo\/ -->\n<title>Publications et communications - Mada<\/title>\n<meta name=\"robots\" content=\"index, follow, max-snippet:-1, max-image-preview:large, max-video-preview:-1\" \/>\n<link rel=\"canonical\" href=\"https:\/\/madaquebec.com\/publications-et-communications\/\" \/>\n<meta property=\"og:locale\" content=\"en_US\" \/>\n<meta property=\"og:type\" content=\"article\" \/>\n<meta property=\"og:title\" content=\"Publications et communications - Mada\" \/>\n<meta property=\"og:description\" content=\"ACFAS Affiches Articles Articles de journaux Autres Formations Pr\u00e9sentations Recherches de ma\u00eetrise et th\u00e8se de doctorat\" \/>\n<meta property=\"og:url\" content=\"https:\/\/madaquebec.com\/publications-et-communications\/\" \/>\n<meta property=\"og:site_name\" content=\"Mada\" \/>\n<meta name=\"twitter:card\" content=\"summary_large_image\" \/>\n<script type=\"application\/ld+json\" class=\"yoast-schema-graph\">{\"@context\":\"https:\/\/schema.org\",\"@graph\":[{\"@type\":\"WebPage\",\"@id\":\"https:\/\/madaquebec.com\/publications-et-communications\/\",\"url\":\"https:\/\/madaquebec.com\/publications-et-communications\/\",\"name\":\"Publications et communications - Mada\",\"isPartOf\":{\"@id\":\"https:\/\/madaquebec.com\/#website\"},\"datePublished\":\"2018-06-14T13:46:22+00:00\",\"dateModified\":\"2018-06-14T13:46:22+00:00\",\"breadcrumb\":{\"@id\":\"https:\/\/madaquebec.com\/publications-et-communications\/#breadcrumb\"},\"inLanguage\":\"en-US\",\"potentialAction\":[{\"@type\":\"ReadAction\",\"target\":[\"https:\/\/madaquebec.com\/publications-et-communications\/\"]}]},{\"@type\":\"BreadcrumbList\",\"@id\":\"https:\/\/madaquebec.com\/publications-et-communications\/#breadcrumb\",\"itemListElement\":[{\"@type\":\"ListItem\",\"position\":1,\"name\":\"Accueil\",\"item\":\"https:\/\/madaquebec.com\/en\/\"},{\"@type\":\"ListItem\",\"position\":2,\"name\":\"Publications et communications\"}]},{\"@type\":\"WebSite\",\"@id\":\"https:\/\/madaquebec.com\/#website\",\"url\":\"https:\/\/madaquebec.com\/\",\"name\":\"Mada\",\"description\":\"Municipalit\u00e9s et villes amies des a\u00een\u00e9s au Qu\u00e9bec\",\"potentialAction\":[{\"@type\":\"SearchAction\",\"target\":{\"@type\":\"EntryPoint\",\"urlTemplate\":\"https:\/\/madaquebec.com\/?s={search_term_string}\"},\"query-input\":\"required name=search_term_string\"}],\"inLanguage\":\"en-US\"}]}<\/script>\n<!-- \/ Yoast SEO plugin. -->","yoast_head_json":{"title":"Publications et communications - Mada","robots":{"index":"index","follow":"follow","max-snippet":"max-snippet:-1","max-image-preview":"max-image-preview:large","max-video-preview":"max-video-preview:-1"},"canonical":"https:\/\/madaquebec.com\/publications-et-communications\/","og_locale":"en_US","og_type":"article","og_title":"Publications et communications - Mada","og_description":"ACFAS Affiches Articles Articles de journaux Autres Formations Pr\u00e9sentations Recherches de ma\u00eetrise et th\u00e8se de doctorat","og_url":"https:\/\/madaquebec.com\/publications-et-communications\/","og_site_name":"Mada","twitter_card":"summary_large_image","schema":{"@context":"https:\/\/schema.org","@graph":[{"@type":"WebPage","@id":"https:\/\/madaquebec.com\/publications-et-communications\/","url":"https:\/\/madaquebec.com\/publications-et-communications\/","name":"Publications et communications - Mada","isPartOf":{"@id":"https:\/\/madaquebec.com\/#website"},"datePublished":"2018-06-14T13:46:22+00:00","dateModified":"2018-06-14T13:46:22+00:00","breadcrumb":{"@id":"https:\/\/madaquebec.com\/publications-et-communications\/#breadcrumb"},"inLanguage":"en-US","potentialAction":[{"@type":"ReadAction","target":["https:\/\/madaquebec.com\/publications-et-communications\/"]}]},{"@type":"BreadcrumbList","@id":"https:\/\/madaquebec.com\/publications-et-communications\/#breadcrumb","itemListElement":[{"@type":"ListItem","position":1,"name":"Accueil","item":"https:\/\/madaquebec.com\/en\/"},{"@type":"ListItem","position":2,"name":"Publications et communications"}]},{"@type":"WebSite","@id":"https:\/\/madaquebec.com\/#website","url":"https:\/\/madaquebec.com\/","name":"Mada","description":"Municipalit\u00e9s et villes amies des a\u00een\u00e9s au Qu\u00e9bec","potentialAction":[{"@type":"SearchAction","target":{"@type":"EntryPoint","urlTemplate":"https:\/\/madaquebec.com\/?s={search_term_string}"},"query-input":"required name=search_term_string"}],"inLanguage":"en-US"}]}},"_links":{"self":[{"href":"https:\/\/madaquebec.com\/en\/wp-json\/wp\/v2\/pages\/28602"}],"collection":[{"href":"https:\/\/madaquebec.com\/en\/wp-json\/wp\/v2\/pages"}],"about":[{"href":"https:\/\/madaquebec.com\/en\/wp-json\/wp\/v2\/types\/page"}],"author":[{"embeddable":true,"href":"https:\/\/madaquebec.com\/en\/wp-json\/wp\/v2\/users\/1"}],"replies":[{"embeddable":true,"href":"https:\/\/madaquebec.com\/en\/wp-json\/wp\/v2\/comments?post=28602"}],"version-history":[{"count":1,"href":"https:\/\/madaquebec.com\/en\/wp-json\/wp\/v2\/pages\/28602\/revisions"}],"predecessor-version":[{"id":28603,"href":"https:\/\/madaquebec.com\/en\/wp-json\/wp\/v2\/pages\/28602\/revisions\/28603"}],"wp:attachment":[{"href":"https:\/\/madaquebec.com\/en\/wp-json\/wp\/v2\/media?parent=28602"}],"curies":[{"name":"wp","href":"https:\/\/api.w.org\/{rel}","templated":true}]}}