{"id":1240,"date":"2018-04-11T14:33:29","date_gmt":"2018-04-11T18:33:29","guid":{"rendered":"https:\/\/dev.bastacommunication.ca\/Mada\/mada\/"},"modified":"2020-04-15T08:46:58","modified_gmt":"2020-04-15T12:46:58","slug":"mada","status":"publish","type":"page","link":"https:\/\/madaquebec.com\/en\/mada\/","title":{"rendered":"Mada"},"content":{"rendered":"<p>[et_pb_section bb_built=&#8221;1&#8243; _builder_version=&#8221;3.0.106&#8243; background_color=&#8221;#f9f6df&#8221; next_background_color=&#8221;#ffffff&#8221;][et_pb_row][et_pb_column type=&#8221;4_4&#8243;][et_pb_text _builder_version=&#8221;3.0.106&#8243; background_layout=&#8221;light&#8221;]<\/p>\n<h2 style=\"text-align: center;\">Welcome<\/h2>\n<p>[\/et_pb_text][et_pb_text _builder_version=&#8221;3.0.106&#8243; background_layout=&#8221;light&#8221; text_font_size=&#8221;24px&#8221; text_font=&#8221;|600|||||||&#8221; text_text_color=&#8221;#231f20&#8243; text_line_height=&#8221;1.6em&#8221;]<\/p>\n<p style=\"text-align: center;\">Version plus courte de l\u2019ancien mot de bienvenue. Lorem ipsum dolor sit amet,consectetur adipiscing elit. Aliquam suscipit dolor sem, vel sagittis mi semper ullamcorper. Morbi volutpat pellentesque ultrices. Pellentesque habitant morbi tristique senectus et netus et malesuada fames ac turpis egestas.<\/p>\n<p>[\/et_pb_text][\/et_pb_column][\/et_pb_row][\/et_pb_section][et_pb_section bb_built=&#8221;1&#8243; fullwidth=&#8221;off&#8221; specialty=&#8221;off&#8221; _builder_version=&#8221;3.0.106&#8243; custom_margin=&#8221;0px||0px|&#8221; custom_padding=&#8221;0px||0px|&#8221; prev_background_color=&#8221;#f9f6df&#8221; next_background_color=&#8221;#000000&#8243; global_module=&#8221;1280&#8243;][et_pb_row global_parent=&#8221;1280&#8243; _builder_version=&#8221;3.0.106&#8243; make_fullwidth=&#8221;on&#8221; module_class=&#8221;bloc_action_ctn&#8221; module_class_1=&#8221;bloc_action&#8221; module_class_2=&#8221;bloc_action&#8221; module_class_3=&#8221;bloc_action&#8221; custom_margin=&#8221;0px||0px|&#8221; custom_padding=&#8221;0px||0px|&#8221; padding_top_1=&#8221;0px&#8221; padding_bottom_1=&#8221;0px&#8221; padding_top_2=&#8221;0px&#8221; padding_bottom_2=&#8221;0px&#8221; padding_top_3=&#8221;0px&#8221; padding_bottom_3=&#8221;0px&#8221;][et_pb_column type=&#8221;1_3&#8243;][et_pb_image global_parent=&#8221;1280&#8243; _builder_version=&#8221;3.0.106&#8243; src=&#8221;https:\/\/madaquebec.com\/wp-content\/uploads\/2018\/04\/rsz_mada-consultez-notre-bibliotheque-1_d4f7d6e0290a5223ce5d89fb54ddfc51.jpg&#8221; show_in_lightbox=&#8221;off&#8221; url_new_window=&#8221;off&#8221; background_size=&#8221;initial&#8221; use_overlay=&#8221;off&#8221; always_center_on_mobile=&#8221;on&#8221; force_fullwidth=&#8221;off&#8221; show_bottom_space=&#8221;off&#8221; module_class=&#8221;bloc_action_img&#8221; custom_margin=&#8221;0px||0px|&#8221; custom_padding=&#8221;0px||0px|&#8221; url=&#8221;#&#8221; \/][et_pb_code global_parent=&#8221;1280&#8243; _builder_version=&#8221;3.0.106&#8243; text_orientation=&#8221;center&#8221; custom_margin=&#8221;0px|0px|0px|0px&#8221; custom_padding=&#8221;0px|0px|0px|0px&#8221; module_class=&#8221;image_front_123&#8243; background_position=&#8221;center_left&#8221;]&lt;a href=&#8221;#&#8221; class=&#8221;ctn_1&#8243;&gt;&lt;div class=&#8221;ctn_11&#8243;&gt;&lt;!&#8211; [et_pb_line_break_holder] &#8211;&gt;Consult our&lt;br\/&gt; library&lt;\/div&gt;&lt;\/a&gt;[\/et_pb_code][\/et_pb_column][et_pb_column type=&#8221;1_3&#8243;][et_pb_image global_parent=&#8221;1280&#8243; _builder_version=&#8221;3.0.106&#8243; src=&#8221;https:\/\/madaquebec.com\/wp-content\/uploads\/2018\/04\/rsz_mada-consultez-nos-guides-1_3da279efe549bfe9f931e435fa3d94a5.jpg&#8221; show_in_lightbox=&#8221;off&#8221; url_new_window=&#8221;off&#8221; background_size=&#8221;initial&#8221; use_overlay=&#8221;off&#8221; always_center_on_mobile=&#8221;on&#8221; force_fullwidth=&#8221;off&#8221; show_bottom_space=&#8221;off&#8221; module_class=&#8221;bloc_action_img&#8221; custom_margin=&#8221;0px||0px|&#8221; custom_padding=&#8221;0px||0px|&#8221; align=&#8221;left&#8221; \/][et_pb_code global_parent=&#8221;1280&#8243; _builder_version=&#8221;3.0.106&#8243; text_orientation=&#8221;center&#8221; custom_margin=&#8221;0px|0px|0px|0px&#8221; custom_padding=&#8221;0px|0px|0px|0px&#8221; module_class=&#8221;image_front_123&#8243; background_position=&#8221;center_left&#8221;]&lt;a href=&#8221;#&#8221; class=&#8221;ctn_1&#8243;&gt;&lt;div class=&#8221;ctn_11&#8243;&gt;&lt;!&#8211; [et_pb_line_break_holder] &#8211;&gt;Consult our&lt;br\/&gt; guides&lt;\/div&gt;&lt;\/a&gt;[\/et_pb_code][\/et_pb_column][et_pb_column type=&#8221;1_3&#8243;][et_pb_image global_parent=&#8221;1280&#8243; _builder_version=&#8221;3.0.106&#8243; src=&#8221;https:\/\/madaquebec.com\/wp-content\/uploads\/2018\/04\/rsz_mada-consultez-le-calendrier-1_7a3a213bf1d7bcb99599302e192253d4.jpg&#8221; show_in_lightbox=&#8221;off&#8221; url_new_window=&#8221;off&#8221; background_size=&#8221;initial&#8221; use_overlay=&#8221;off&#8221; always_center_on_mobile=&#8221;on&#8221; force_fullwidth=&#8221;off&#8221; show_bottom_space=&#8221;off&#8221; module_class=&#8221;bloc_action_img&#8221; custom_margin=&#8221;0px||0px|&#8221; custom_padding=&#8221;0px||0px|&#8221; url=&#8221;#&#8221; \/][et_pb_code global_parent=&#8221;1280&#8243; _builder_version=&#8221;3.0.106&#8243; text_orientation=&#8221;center&#8221; custom_margin=&#8221;0px|0px|0px|0px&#8221; custom_padding=&#8221;0px|0px|0px|0px&#8221; module_class=&#8221;image_front_123&#8243; background_position=&#8221;center_left&#8221;]&lt;a href=&#8221;#&#8221; class=&#8221;ctn_1&#8243;&gt;&lt;div class=&#8221;ctn_11&#8243;&gt;&lt;!&#8211; [et_pb_line_break_holder] &#8211;&gt;&lt;!&#8211; [et_pb_line_break_holder] &#8211;&gt;Events: &lt;br\/&gt; Check the calendar&lt;\/div&gt;&lt;\/a&gt;[\/et_pb_code][\/et_pb_column][\/et_pb_row][\/et_pb_section][et_pb_section bb_built=&#8221;1&#8243; _builder_version=&#8221;3.0.106&#8243; prev_background_color=&#8221;#000000&#8243; next_background_color=&#8221;#000000&#8243; custom_margin=&#8221;0px||0px|&#8221; custom_padding=&#8221;0px||0px|&#8221; global_module=&#8221;1287&#8243;][et_pb_row global_parent=&#8221;1287&#8243; background_position=&#8221;top_left&#8221; background_repeat=&#8221;repeat&#8221; background_size=&#8221;initial&#8221; _builder_version=&#8221;3.0.106&#8243; custom_margin=&#8221;55px||55px|&#8221; custom_padding=&#8221;0px||0px|&#8221; padding_top_1=&#8221;0px&#8221; padding_bottom_1=&#8221;0px&#8221;][et_pb_column type=&#8221;4_4&#8243;][et_pb_text global_parent=&#8221;1287&#8243; _builder_version=&#8221;3.0.106&#8243; background_layout=&#8221;light&#8221; text_orientation=&#8221;center&#8221; header_2_text_color=&#8221;#2086a4&#8243;]<\/p>\n<h2>News<\/h2>\n<p>[\/et_pb_text][\/et_pb_column][\/et_pb_row][et_pb_row global_parent=&#8221;1287&#8243; background_position=&#8221;top_left&#8221; background_repeat=&#8221;repeat&#8221; background_size=&#8221;initial&#8221; _builder_version=&#8221;3.0.106&#8243; custom_margin=&#8221;0px||0px|&#8221; custom_padding=&#8221;0px||0px|&#8221;][et_pb_column type=&#8221;1_3&#8243;][et_pb_blog global_parent=&#8221;1287&#8243; _builder_version=&#8221;3.0.106&#8243; include_categories=&#8221;19&#8243; show_content=&#8221;off&#8221; show_thumbnail=&#8221;on&#8221; show_more=&#8221;off&#8221; show_author=&#8221;off&#8221; show_date=&#8221;off&#8221; show_categories=&#8221;on&#8221; show_comments=&#8221;off&#8221; show_pagination=&#8221;off&#8221; fullwidth=&#8221;on&#8221; use_overlay=&#8221;off&#8221; background_layout=&#8221;light&#8221; pagination_font_size_tablet=&#8221;51&#8243; pagination_line_height_tablet=&#8221;2&#8243; posts_number=&#8221;1&#8243; custom_css_read_more=&#8221;%91&#8230;%93&#8243; module_class=&#8221;blog_principal bleu&#8221; \/][et_pb_blog global_parent=&#8221;1287&#8243; _builder_version=&#8221;3.0.106&#8243; include_categories=&#8221;19&#8243; show_content=&#8221;off&#8221; show_thumbnail=&#8221;off&#8221; show_more=&#8221;off&#8221; show_author=&#8221;off&#8221; show_date=&#8221;on&#8221; show_categories=&#8221;off&#8221; show_comments=&#8221;off&#8221; show_pagination=&#8221;off&#8221; fullwidth=&#8221;on&#8221; use_overlay=&#8221;off&#8221; background_layout=&#8221;light&#8221; pagination_font_size_tablet=&#8221;51&#8243; pagination_line_height_tablet=&#8221;2&#8243; posts_number=&#8221;2&#8243; module_class=&#8221;blog_secondaire&#8221; meta_date=&#8221;F Y&#8221; offset_number=&#8221;1&#8243; \/][\/et_pb_column][et_pb_column type=&#8221;1_3&#8243;][et_pb_blog global_parent=&#8221;1287&#8243; _builder_version=&#8221;3.0.106&#8243; include_categories=&#8221;4&#8243; show_content=&#8221;off&#8221; show_thumbnail=&#8221;on&#8221; show_more=&#8221;off&#8221; show_author=&#8221;off&#8221; show_date=&#8221;off&#8221; show_categories=&#8221;on&#8221; show_comments=&#8221;off&#8221; show_pagination=&#8221;off&#8221; fullwidth=&#8221;on&#8221; use_overlay=&#8221;off&#8221; background_layout=&#8221;light&#8221; pagination_font_size_tablet=&#8221;51&#8243; pagination_line_height_tablet=&#8221;2&#8243; posts_number=&#8221;1&#8243; custom_css_read_more=&#8221;%91&#8230;%93&#8243; module_class=&#8221;blog_principal orange&#8221; \/][et_pb_blog global_parent=&#8221;1287&#8243; _builder_version=&#8221;3.0.106&#8243; include_categories=&#8221;4&#8243; show_content=&#8221;off&#8221; show_thumbnail=&#8221;off&#8221; show_more=&#8221;off&#8221; show_author=&#8221;off&#8221; show_date=&#8221;on&#8221; show_categories=&#8221;off&#8221; show_comments=&#8221;off&#8221; show_pagination=&#8221;off&#8221; fullwidth=&#8221;on&#8221; use_overlay=&#8221;off&#8221; background_layout=&#8221;light&#8221; pagination_font_size_tablet=&#8221;51&#8243; pagination_line_height_tablet=&#8221;2&#8243; posts_number=&#8221;2&#8243; module_class=&#8221;blog_secondaire&#8221; meta_date=&#8221;F Y&#8221; offset_number=&#8221;1&#8243; \/][\/et_pb_column][et_pb_column type=&#8221;1_3&#8243;][et_pb_blog global_parent=&#8221;1287&#8243; _builder_version=&#8221;3.0.106&#8243; include_categories=&#8221;3&#8243; show_content=&#8221;off&#8221; show_thumbnail=&#8221;on&#8221; show_more=&#8221;off&#8221; show_author=&#8221;off&#8221; show_date=&#8221;off&#8221; show_categories=&#8221;on&#8221; show_comments=&#8221;off&#8221; show_pagination=&#8221;off&#8221; fullwidth=&#8221;on&#8221; use_overlay=&#8221;off&#8221; background_layout=&#8221;light&#8221; pagination_font_size_tablet=&#8221;51&#8243; pagination_line_height_tablet=&#8221;2&#8243; posts_number=&#8221;1&#8243; custom_css_read_more=&#8221;%91&#8230;%93&#8243; module_class=&#8221;blog_principal vert&#8221; \/][et_pb_blog global_parent=&#8221;1287&#8243; _builder_version=&#8221;3.0.106&#8243; include_categories=&#8221;3&#8243; show_content=&#8221;off&#8221; show_thumbnail=&#8221;off&#8221; show_more=&#8221;off&#8221; show_author=&#8221;off&#8221; show_date=&#8221;on&#8221; show_categories=&#8221;off&#8221; show_comments=&#8221;off&#8221; show_pagination=&#8221;off&#8221; fullwidth=&#8221;on&#8221; use_overlay=&#8221;off&#8221; background_layout=&#8221;light&#8221; pagination_font_size_tablet=&#8221;51&#8243; pagination_line_height_tablet=&#8221;2&#8243; posts_number=&#8221;2&#8243; module_class=&#8221;blog_secondaire&#8221; meta_date=&#8221;F Y&#8221; offset_number=&#8221;1&#8243; \/][\/et_pb_column][\/et_pb_row][\/et_pb_section][et_pb_section bb_built=&#8221;1&#8243; fullwidth=&#8221;off&#8221; specialty=&#8221;off&#8221; prev_background_color=&#8221;#000000&#8243; _builder_version=&#8221;3.0.106&#8243; custom_margin=&#8221;0px||0px|&#8221; custom_padding=&#8221;0px||0px|&#8221;][et_pb_row _builder_version=&#8221;3.0.106&#8243; custom_margin=&#8221;0px||0px|&#8221; custom_padding=&#8221;0px||0px|&#8221;][et_pb_column type=&#8221;4_4&#8243;][et_pb_text _builder_version=&#8221;3.0.106&#8243; background_layout=&#8221;light&#8221; text_orientation=&#8221;center&#8221; header_2_text_color=&#8221;#2086a4&#8243;]<\/p>\n<h2>Medias<\/h2>\n<p>[\/et_pb_text][\/et_pb_column][\/et_pb_row][et_pb_row][et_pb_column type=&#8221;1_2&#8243;][et_pb_code _builder_version=&#8221;3.0.106&#8243;]&lt;iframe width=&#8221;560&#8243; height=&#8221;315&#8243; src=&#8221;https:\/\/www.youtube.com\/embed\/WEJ9oxFY7UI?rel=0&amp;amp;controls=0&amp;amp;showinfo=0&#8243; frameborder=&#8221;0&#8243; allow=&#8221;autoplay; encrypted-media&#8221; allowfullscreen&gt;&lt;\/iframe&gt;[\/et_pb_code][\/et_pb_column][et_pb_column type=&#8221;1_2&#8243;][et_pb_code _builder_version=&#8221;3.0.106&#8243;]&lt;iframe width=&#8221;560&#8243; height=&#8221;315&#8243; src=&#8221;https:\/\/www.youtube.com\/embed\/f2PSNPQ9Ezo?rel=0&amp;amp;controls=0&amp;amp;showinfo=0&#8243; frameborder=&#8221;0&#8243; allow=&#8221;autoplay; encrypted-media&#8221; allowfullscreen&gt;&lt;\/iframe&gt;[\/et_pb_code][\/et_pb_column][\/et_pb_row][\/et_pb_section]<\/p>\n","protected":false},"excerpt":{"rendered":"<p><div class=\"et_pb_row et_pb_row_0 et_pb_row_empty\">\n\t\t\t\t\n\t\t\t\t\n\t\t\t\t\n\t\t\t\t\n\t\t\t\t\n\t\t\t<\/div> Welcome Version plus courte de l\u2019ancien mot de bienvenue. Lorem ipsum dolor sit amet,consectetur adipiscing elit. Aliquam suscipit dolor sem, vel sagittis mi semper ullamcorper. Morbi volutpat pellentesque ultrices. Pellentesque habitant morbi tristique senectus et netus et malesuada fames ac turpis egestas. &lt;a href=&#8221;#&#8221; class=&#8221;ctn_1&#8243;&gt;&lt;div class=&#8221;ctn_11&#8243;&gt;&lt;!&#8211; [et_pb_line_break_holder] &#8211;&gt;Consult our&lt;br\/&gt; library&lt;\/div&gt;&lt;\/a&gt;&lt;a href=&#8221;#&#8221; class=&#8221;ctn_1&#8243;&gt;&lt;div class=&#8221;ctn_11&#8243;&gt;&lt;!&#8211; [et_pb_line_break_holder] &#8211;&gt;Consult our&lt;br\/&gt; guides&lt;\/div&gt;&lt;\/a&gt;&lt;a href=&#8221;#&#8221; class=&#8221;ctn_1&#8243;&gt;&lt;div class=&#8221;ctn_11&#8243;&gt;&lt;!&#8211; [et_pb_line_break_holder] &#8211;&gt;&lt;!&#8211; [et_pb_line_break_holder] &#8211;&gt;Events: &lt;br\/&gt; Check the calendar&lt;\/div&gt;&lt;\/a&gt; News Medias <div class=\"et_pb_row et_pb_row_1 et_pb_row_empty\">\n\t\t\t\t\n\t\t\t\t\n\t\t\t\t\n\t\t\t\t\n\t\t\t\t\n\t\t\t<\/div><\/p>\n","protected":false},"author":1,"featured_media":0,"parent":0,"menu_order":0,"comment_status":"closed","ping_status":"closed","template":"page-front.php","meta":{"_et_pb_use_builder":"on","_et_pb_old_content":"<p>Voici un exemple de page. Elle est diff\u00e9rente d\u2019un article de blog, en cela qu\u2019elle restera \u00e0 la m\u00eame place, et s\u2019affichera dans le menu de navigation de votre site (en fonction de votre th\u00e8me). La plupart des gens commencent par \u00e9crire une page \u00ab\u00a0\u00c0 Propos\u00a0\u00bb qui les pr\u00e9sente aux visiteurs potentiels du site. Vous pourriez y \u00e9crire quelque chose de ce tenant\u00a0:<\/p><blockquote><p>Bonjour\u00a0! Je suis un m\u00e9canicien qui aspire \u00e0 devenir un acteur, et ceci est mon blog. J\u2019habite \u00e0 Bordeaux, j\u2019ai un super chien qui s\u2019appelle Russell, et j\u2019aime la vodka-ananas (ainsi que perdre mon temps \u00e0 regarder la pluie tomber).<\/p><\/blockquote><p>...ou bien quelque chose comme cela\u00a0:<\/p><blockquote><p>La soci\u00e9t\u00e9 123 Machin Truc a \u00e9t\u00e9 cr\u00e9\u00e9e en 1971, et n\u2019a cess\u00e9 de proposer au public des machins-trucs de qualit\u00e9 depuis cette ann\u00e9e. Situ\u00e9e \u00e0 Saint-Remy-en-Bouzemont-Saint-Genest-et-Isson, 123 Machin Truc emploie 2\u00a0000 personnes, et fabrique toutes sortes de bidules super pour la communaut\u00e9 bouzemontoise.<\/p><\/blockquote><p>\u00c9tant donn\u00e9 que vous \u00eates un nouvel utilisateur ou une nouvelle utilisatrice de WordPress, vous devriez vous rendre sur votre <a href=\"https:\/\/madaquebec.com\/wp-admin\/\">tableau de bord<\/a> pour effacer la pr\u00e9sente page, et cr\u00e9er de nouvelles pages avec votre propre contenu. Amusez-vous bien\u00a0!<\/p>","_et_gb_content_width":"","footnotes":""},"yoast_head":"<!-- This site is optimized with the Yoast SEO plugin v21.2 - https:\/\/yoast.com\/wordpress\/plugins\/seo\/ -->\n<title>Mada - Mada<\/title>\n<meta name=\"robots\" content=\"index, follow, max-snippet:-1, max-image-preview:large, max-video-preview:-1\" \/>\n<link rel=\"canonical\" href=\"https:\/\/madaquebec.com\/page-d-exemple\/\" \/>\n<meta property=\"og:locale\" content=\"en_US\" \/>\n<meta property=\"og:type\" content=\"article\" \/>\n<meta property=\"og:title\" content=\"Mada - Mada\" \/>\n<meta property=\"og:description\" content=\"Welcome Version plus courte de l\u2019ancien mot de bienvenue. Lorem ipsum dolor sit amet,consectetur adipiscing elit. Aliquam suscipit dolor sem, vel sagittis mi semper ullamcorper. Morbi volutpat pellentesque ultrices. Pellentesque habitant morbi tristique senectus et netus et malesuada fames ac turpis egestas. &lt;a href=&quot;#&quot; class=&quot;ctn_1&quot;&gt;&lt;div class=&quot;ctn_11&quot;&gt;&lt;!-- [et_pb_line_break_holder] --&gt;Consult our&lt;br\/&gt; library&lt;\/div&gt;&lt;\/a&gt;&lt;a href=&quot;#&quot; class=&quot;ctn_1&quot;&gt;&lt;div class=&quot;ctn_11&quot;&gt;&lt;!-- [et_pb_line_break_holder] --&gt;Consult our&lt;br\/&gt; guides&lt;\/div&gt;&lt;\/a&gt;&lt;a href=&quot;#&quot; class=&quot;ctn_1&quot;&gt;&lt;div class=&quot;ctn_11&quot;&gt;&lt;!-- [et_pb_line_break_holder] --&gt;&lt;!-- [et_pb_line_break_holder] --&gt;Events: &lt;br\/&gt; Check the calendar&lt;\/div&gt;&lt;\/a&gt; News Medias\" \/>\n<meta property=\"og:url\" content=\"https:\/\/madaquebec.com\/page-d-exemple\/\" \/>\n<meta property=\"og:site_name\" content=\"Mada\" \/>\n<meta property=\"article:modified_time\" content=\"2020-04-15T12:46:58+00:00\" \/>\n<meta name=\"twitter:card\" content=\"summary_large_image\" \/>\n<meta name=\"twitter:label1\" content=\"Est. reading time\" \/>\n\t<meta name=\"twitter:data1\" content=\"6 minutes\" \/>\n<script type=\"application\/ld+json\" class=\"yoast-schema-graph\">{\"@context\":\"https:\/\/schema.org\",\"@graph\":[{\"@type\":\"WebPage\",\"@id\":\"https:\/\/madaquebec.com\/page-d-exemple\/\",\"url\":\"https:\/\/madaquebec.com\/page-d-exemple\/\",\"name\":\"Mada - Mada\",\"isPartOf\":{\"@id\":\"https:\/\/madaquebec.com\/#website\"},\"datePublished\":\"2018-04-11T18:33:29+00:00\",\"dateModified\":\"2020-04-15T12:46:58+00:00\",\"breadcrumb\":{\"@id\":\"https:\/\/madaquebec.com\/page-d-exemple\/#breadcrumb\"},\"inLanguage\":\"en-US\",\"potentialAction\":[{\"@type\":\"ReadAction\",\"target\":[\"https:\/\/madaquebec.com\/page-d-exemple\/\"]}]},{\"@type\":\"BreadcrumbList\",\"@id\":\"https:\/\/madaquebec.com\/page-d-exemple\/#breadcrumb\",\"itemListElement\":[{\"@type\":\"ListItem\",\"position\":1,\"name\":\"Accueil\",\"item\":\"https:\/\/madaquebec.com\/en\/\"},{\"@type\":\"ListItem\",\"position\":2,\"name\":\"Mada\"}]},{\"@type\":\"WebSite\",\"@id\":\"https:\/\/madaquebec.com\/#website\",\"url\":\"https:\/\/madaquebec.com\/\",\"name\":\"Mada\",\"description\":\"Municipalit\u00e9s et villes amies des a\u00een\u00e9s au Qu\u00e9bec\",\"potentialAction\":[{\"@type\":\"SearchAction\",\"target\":{\"@type\":\"EntryPoint\",\"urlTemplate\":\"https:\/\/madaquebec.com\/?s={search_term_string}\"},\"query-input\":\"required name=search_term_string\"}],\"inLanguage\":\"en-US\"}]}<\/script>\n<!-- \/ Yoast SEO plugin. -->","yoast_head_json":{"title":"Mada - Mada","robots":{"index":"index","follow":"follow","max-snippet":"max-snippet:-1","max-image-preview":"max-image-preview:large","max-video-preview":"max-video-preview:-1"},"canonical":"https:\/\/madaquebec.com\/page-d-exemple\/","og_locale":"en_US","og_type":"article","og_title":"Mada - Mada","og_description":"Welcome Version plus courte de l\u2019ancien mot de bienvenue. Lorem ipsum dolor sit amet,consectetur adipiscing elit. Aliquam suscipit dolor sem, vel sagittis mi semper ullamcorper. Morbi volutpat pellentesque ultrices. Pellentesque habitant morbi tristique senectus et netus et malesuada fames ac turpis egestas. &lt;a href=\"#\" class=\"ctn_1\"&gt;&lt;div class=\"ctn_11\"&gt;&lt;!-- [et_pb_line_break_holder] --&gt;Consult our&lt;br\/&gt; library&lt;\/div&gt;&lt;\/a&gt;&lt;a href=\"#\" class=\"ctn_1\"&gt;&lt;div class=\"ctn_11\"&gt;&lt;!-- [et_pb_line_break_holder] --&gt;Consult our&lt;br\/&gt; guides&lt;\/div&gt;&lt;\/a&gt;&lt;a href=\"#\" class=\"ctn_1\"&gt;&lt;div class=\"ctn_11\"&gt;&lt;!-- [et_pb_line_break_holder] --&gt;&lt;!-- [et_pb_line_break_holder] --&gt;Events: &lt;br\/&gt; Check the calendar&lt;\/div&gt;&lt;\/a&gt; News Medias","og_url":"https:\/\/madaquebec.com\/page-d-exemple\/","og_site_name":"Mada","article_modified_time":"2020-04-15T12:46:58+00:00","twitter_card":"summary_large_image","twitter_misc":{"Est. reading time":"6 minutes"},"schema":{"@context":"https:\/\/schema.org","@graph":[{"@type":"WebPage","@id":"https:\/\/madaquebec.com\/page-d-exemple\/","url":"https:\/\/madaquebec.com\/page-d-exemple\/","name":"Mada - Mada","isPartOf":{"@id":"https:\/\/madaquebec.com\/#website"},"datePublished":"2018-04-11T18:33:29+00:00","dateModified":"2020-04-15T12:46:58+00:00","breadcrumb":{"@id":"https:\/\/madaquebec.com\/page-d-exemple\/#breadcrumb"},"inLanguage":"en-US","potentialAction":[{"@type":"ReadAction","target":["https:\/\/madaquebec.com\/page-d-exemple\/"]}]},{"@type":"BreadcrumbList","@id":"https:\/\/madaquebec.com\/page-d-exemple\/#breadcrumb","itemListElement":[{"@type":"ListItem","position":1,"name":"Accueil","item":"https:\/\/madaquebec.com\/en\/"},{"@type":"ListItem","position":2,"name":"Mada"}]},{"@type":"WebSite","@id":"https:\/\/madaquebec.com\/#website","url":"https:\/\/madaquebec.com\/","name":"Mada","description":"Municipalit\u00e9s et villes amies des a\u00een\u00e9s au Qu\u00e9bec","potentialAction":[{"@type":"SearchAction","target":{"@type":"EntryPoint","urlTemplate":"https:\/\/madaquebec.com\/?s={search_term_string}"},"query-input":"required name=search_term_string"}],"inLanguage":"en-US"}]}},"_links":{"self":[{"href":"https:\/\/madaquebec.com\/en\/wp-json\/wp\/v2\/pages\/1240"}],"collection":[{"href":"https:\/\/madaquebec.com\/en\/wp-json\/wp\/v2\/pages"}],"about":[{"href":"https:\/\/madaquebec.com\/en\/wp-json\/wp\/v2\/types\/page"}],"author":[{"embeddable":true,"href":"https:\/\/madaquebec.com\/en\/wp-json\/wp\/v2\/users\/1"}],"replies":[{"embeddable":true,"href":"https:\/\/madaquebec.com\/en\/wp-json\/wp\/v2\/comments?post=1240"}],"version-history":[{"count":13,"href":"https:\/\/madaquebec.com\/en\/wp-json\/wp\/v2\/pages\/1240\/revisions"}],"predecessor-version":[{"id":34420,"href":"https:\/\/madaquebec.com\/en\/wp-json\/wp\/v2\/pages\/1240\/revisions\/34420"}],"wp:attachment":[{"href":"https:\/\/madaquebec.com\/en\/wp-json\/wp\/v2\/media?parent=1240"}],"curies":[{"name":"wp","href":"https:\/\/api.w.org\/{rel}","templated":true}]}}